{"id":11996,"date":"2018-09-16T13:08:08","date_gmt":"2018-09-16T13:08:08","guid":{"rendered":"http:\/\/www.immigre.ca\/?page_id=11996"},"modified":"2026-02-06T17:15:03","modified_gmt":"2026-02-06T17:15:03","slug":"simon-duchaine","status":"publish","type":"page","link":"https:\/\/www.immigre.ca\/fr\/attorneys\/simon-duchaine\/","title":{"rendered":"Simon Ducha\u00eene"},"content":{"rendered":"<div class=\"row \"><div class=\"wpv-grid grid-2-3  wpv-first-level first has-background unextended\" style=\"\n\t\t\t\tbackground: url( 'https:\/\/www.immigre.ca\/wp-content\/uploads\/2024\/12\/simon_duchaine-immigre2.png' ) no-repeat center top;\n\t\t\t\tbackground-size: auto;\n\t\t\tpadding-top:400px;padding-bottom:0px\" id=\"wpv-column-d3937eae51c52f1904bfaa5792d3431d\" ><\/div>\n<div class=\"wpv-grid grid-1-3 add-border wpv-first-level unextended\" style=\"padding-top:20px;padding-bottom:15px\" id=\"wpv-column-c24ca51eb305b4bdecd302989587c9ce\" ><div class=\"row \"><div class=\"wpv-grid grid-1-1  first unextended animation-fade-in animated-active\" style=\"padding-top:0px;padding-bottom:0px\" id=\"wpv-column-f25cf92fff7e4a797d6eae221b5dd890\" ><h4 style=\"padding-left: 20px;\">COORDONN\u00c9ES<\/h4>\n<p style=\"padding-left: 20px;\"><a title=\"email Simon Ducha\u00eene\" href=\"mailto:s.duchaine@immigre.ca\">s.duchaine@immigre.ca<\/a><br \/>\nT\u00e9l: 1-514-IMMIGRE #101<\/p>\n<p style=\"padding-left: 20px;\"><a href=\"#\"> <span class='icon shortcode   use-hover' style='font-size:16px !important;color:#AC0016;'>&#58155;<\/span><\/a> <a href=\"#\"><span class='icon shortcode theme  use-hover' style='font-size:16px !important;color:#AC0016;'>&#58904;<\/span><\/a><br \/>\n<div class=\"push\" style='height:10px'><\/div>\n<h4 style=\"padding-left: 20px;\">\u00c9DUCATION<\/h4>\n<p style=\"padding-left: 20px;\">\u2023 Baccalaur\u00e9at en Droit<br \/>\nUniversit\u00e9 d\u2019Ottawa;<br \/>\n\u2023 Ma\u00eetrise en Droit notarial<br \/>\nUniversit\u00e9 de Sherbrooke.<\/div><\/div><\/div><\/div>\n<div class=\"push\" style='height:50px'><\/div>\n<div class=\"row \"><div class=\"wpv-grid grid-1-1  wpv-first-level first unextended\" style=\"padding-top:0px;padding-bottom:0px\" id=\"wpv-column-eaa04146ff0bcc3058ea261e1481211e\" ><div class=\"clearfix dropcap-wrapper\"><div class=\"dropcap-left\"><span class='dropcap1 '>B<\/span><\/div><div class=\"dropcap-text\">\u00c2TIR VOTRE AVENIR AU-DEL\u00c0 DES FRONTI\u00c8RES.<\/div> <\/div>\n<div class=\"push\" style='height:20px'><\/div>\nD\u00e9tenteur d&rsquo;un Baccalaur\u00e9at en Droit de l&rsquo;Universit\u00e9 d&rsquo;Ottawa et d&rsquo;une Ma\u00eetrise en Droit notarial de l&rsquo;Universit\u00e9 de Sherbrooke, Me Simon Ducha\u00eene est inscrit au Tableau de l&rsquo;Ordre de la Chambre des notaires du Qu\u00e9bec depuis 2015, lui permettant ainsi de pratiquer le Droit dans l&rsquo;ensemble du Canada et plus sp\u00e9cifiquement dans la province de Qu\u00e9bec. Il est un membre actif de l&rsquo;Association du Barreau Canadien &#8211; Section du droit de l\u2019immigration, ainsi que de la Chambre des Commerces de Gatineau et il a \u00e9galement si\u00e9g\u00e9 \u00e0 titre d&rsquo;Administrateur de la Chambre des notaires du Qu\u00e9bec de 2017 \u00e0 2020.<\/p>\n<p>Me Ducha\u00eene a compl\u00e9t\u00e9 son stage en droit aupr\u00e8s d&rsquo;un cabinet juridique reconnu dans la r\u00e9gion de l&rsquo;Outaouais o\u00f9 il a pratiqu\u00e9 le droit des affaires ainsi que le droit de l&rsquo;immobilier. En 2017, gr\u00e2ce \u00e0 l&rsquo;\u00e9mergence du web 2.0 et des politiques d&rsquo;immigration au Canada, Me Ducha\u00eene et 2 associ\u00e9s ont d\u00e9marr\u00e9 un cabinet ax\u00e9 sur les services juridiques desservant une client\u00e8le internationale.<\/p>\n<p>Me Ducha\u00eene pratique principalement en Droit de l&rsquo;Immigration, ainsi qu&rsquo;en Droit des Affaires.<\/p>\n<div class=\"push\" style='height:20px'><\/div><\/div><\/div>\n<div class=\"row \"><div class=\"wpv-grid grid-1-1  wpv-first-level first unextended animation-from-bottom animated-active\" style=\"padding-top:15px;padding-bottom:60px\" id=\"wpv-column-126ccbc78e10d92e8b345964a5b9ba59\" >\t\t<div class=\"sep-text single centered\">\n\t\t\t\t\t\t\t<span class=\"sep-text-before\"><div class=\"sep-text-line\"><\/div><\/span>\n\t\t\t\t\t\t<div class=\"content\">\n\t\t\t\t<h2 class=\"text-divider-double\">PRENDRE RENDEZ-VOUS<\/h2>\t\t\t<\/div>\n\t\t\t<span class=\"sep-text-after\"><div class=\"sep-text-line\"><\/div><\/span>\n\t\t\t\t\t<\/div>\n\t<div class=\"push\" style='height:10px'><\/div>\n<div class=\"row \"><div class=\"wpv-grid grid-1-1  first unextended\" style=\"padding-top:0px;padding-bottom:0px\" id=\"wpv-column-92011bc0131835807d41da636573172b\" ><p><!-- D\u00e9but de widget en ligne Calendly --><\/p>\n<div class=\"calendly-inline-widget\" style=\"min-width: 320px; height: 700px;\" data-url=\"https:\/\/calendly.com\/immigreca\/consultation-juridique\"><\/div>\n<p><script type=\"text\/javascript\" src=\"https:\/\/assets.calendly.com\/assets\/external\/widget.js\" async><\/script><br \/>\n<!-- Fin de widget en ligne Calendly --><\/div><\/div><\/div><\/div>\n<div class=\"row \"><div class=\"wpv-grid grid-1-1  wpv-first-level first unextended animation-from-bottom animated-active\" style=\"padding-top:15px;padding-bottom:15px\" id=\"wpv-column-35e7fd336a21dff6da0a1d8666f81caf\" >\t\t<div class=\"sep-text single centered\">\n\t\t\t\t\t\t\t<span class=\"sep-text-before\"><div class=\"sep-text-line\"><\/div><\/span>\n\t\t\t\t\t\t<div class=\"content\">\n\t\t\t\t<h2 class=\"text-divider-double\">CONTACTEZ-MOI<\/h2>\t\t\t<\/div>\n\t\t\t<span class=\"sep-text-after\"><div class=\"sep-text-line\"><\/div><\/span>\n\t\t\t\t\t<\/div>\n\t<div class=\"push\" style='height:10px'><\/div>\n<div class=\"row \"><div class=\"wpv-grid grid-1-1  first unextended\" style=\"padding-top:0px;padding-bottom:0px\" id=\"wpv-column-4ca39e88647a4b2bf18e1c0e46f20c0e\" ><p>\n<div class=\"wpcf7 no-js\" id=\"wpcf7-f12684-o1\" lang=\"en-US\" dir=\"ltr\" data-wpcf7-id=\"12684\">\n<div class=\"screen-reader-response\"><p role=\"status\" aria-live=\"polite\" aria-atomic=\"true\"><\/p> <ul><\/ul><\/div>\n<form action=\"\/fr\/wp-json\/wp\/v2\/pages\/11996#wpcf7-f12684-o1\" method=\"post\" class=\"wpcf7-form init\" aria-label=\"Contact form\" novalidate=\"novalidate\" data-status=\"init\">\n<fieldset class=\"hidden-fields-container\"><input type=\"hidden\" name=\"_wpcf7\" value=\"12684\" \/><input type=\"hidden\" name=\"_wpcf7_version\" value=\"6.1.4\" \/><input type=\"hidden\" name=\"_wpcf7_locale\" value=\"en_US\" \/><input type=\"hidden\" name=\"_wpcf7_unit_tag\" value=\"wpcf7-f12684-o1\" \/><input type=\"hidden\" name=\"_wpcf7_container_post\" value=\"0\" \/><input type=\"hidden\" name=\"_wpcf7_posted_data_hash\" value=\"\" \/><input type=\"hidden\" name=\"_wpcf7_key\" value=\"contact-form-team_copy\" \/><input type=\"hidden\" name=\"_cf7sg_toggles\" value=\"\" \/><input type=\"hidden\" name=\"_cf7sg_version\" value=\"4.15.8\" \/><input type=\"hidden\" name=\"_wpnonce\" value=\"3c00c161ff\" \/><input type=\"hidden\" name=\"_wpcf7_recaptcha_response\" value=\"\" \/>\n<\/fieldset>\n<div class=\"row\">\n\t<div class=\"grid-1-3\">\n\t\t<p><span class=\"wpcf7-form-control-wrap\" data-name=\"Name\"><input size=\"40\" maxlength=\"400\" class=\"wpcf7-form-control wpcf7-text wpcf7-validates-as-required\" aria-required=\"true\" aria-invalid=\"false\" placeholder=\"Nom\" value=\"\" type=\"text\" name=\"Name\" \/><\/span>\n\t\t<\/p>\n\t<\/div>\n\t<div class=\"grid-1-3\">\n\t\t<p><span class=\"wpcf7-form-control-wrap\" data-name=\"E-mail\"><input size=\"40\" maxlength=\"400\" class=\"wpcf7-form-control wpcf7-text wpcf7-validates-as-required\" aria-required=\"true\" aria-invalid=\"false\" placeholder=\"Courriel\" value=\"\" type=\"text\" name=\"E-mail\" \/><\/span>\n\t\t<\/p>\n\t<\/div>\n\t<div class=\"grid-1-3\">\n\t\t<p><span class=\"wpcf7-form-control-wrap\" data-name=\"Phone\"><input size=\"40\" maxlength=\"400\" class=\"wpcf7-form-control wpcf7-text\" aria-invalid=\"false\" placeholder=\"T\u00e9l\u00e9phone\" value=\"\" type=\"text\" name=\"Phone\" \/><\/span>\n\t\t<\/p>\n\t<\/div>\n\t<div class=\"grid-1-1\">\n\t\t<p><span class=\"wpcf7-form-control-wrap\" data-name=\"Message\"><textarea cols=\"40\" rows=\"7\" maxlength=\"2000\" class=\"wpcf7-form-control wpcf7-textarea wpcf7-validates-as-required\" aria-required=\"true\" aria-invalid=\"false\" placeholder=\"Votre message...\" name=\"Message\"><\/textarea><\/span>\n\t\t<\/p>\n\t<\/div>\n\t<div class=\"grid-1-1\">\n\t\t<p><input class=\"wpcf7-form-control wpcf7-submit has-spinner\" type=\"submit\" value=\"Envoyer \u2192\" \/>\n\t\t<\/p>\n\t<\/div>\n<\/div><div class=\"wpcf7-response-output\" aria-hidden=\"true\"><\/div>\n<\/form>\n<\/div>\n<\/div><\/div><\/div><\/div>\n","protected":false},"excerpt":{"rendered":"<p>COORDONN\u00c9ES s.duchaine@immigre.ca T\u00e9l: 1-514-IMMIGRE #101 \u00c9DUCATION \u2023 Baccalaur\u00e9at en Droit Universit\u00e9 d\u2019Ottawa; \u2023 Ma\u00eetrise en Droit notarial Universit\u00e9 de Sherbrooke. D\u00e9tenteur d&rsquo;un Baccalaur\u00e9at en Droit de l&rsquo;Universit\u00e9 d&rsquo;Ottawa et d&rsquo;une Ma\u00eetrise en Droit notarial de l&rsquo;Universit\u00e9 de Sherbrooke, Me Simon Ducha\u00eene est inscrit au Tableau de l&rsquo;Ordre de la Chambre des notaires du Qu\u00e9bec depuis&#8230;<\/p>\n","protected":false},"author":1,"featured_media":0,"parent":12168,"menu_order":0,"comment_status":"closed","ping_status":"closed","template":"","meta":{"footnotes":""},"class_list":["post-11996","page","type-page","status-publish","hentry"],"yoast_head":"<!-- This site is optimized with the Yoast SEO plugin v26.7 - https:\/\/yoast.com\/wordpress\/plugins\/seo\/ -->\n<title>Simon Ducha\u00eene - Immigre.ca<\/title>\n<meta name=\"robots\" content=\"index, follow, max-snippet:-1, max-image-preview:large, max-video-preview:-1\" \/>\n<link rel=\"canonical\" href=\"https:\/\/www.immigre.ca\/fr\/attorneys\/simon-duchaine\/\" \/>\n<meta property=\"og:locale\" content=\"fr_FR\" \/>\n<meta property=\"og:type\" content=\"article\" \/>\n<meta property=\"og:title\" content=\"Simon Ducha\u00eene - Immigre.ca\" \/>\n<meta property=\"og:description\" content=\"COORDONN\u00c9ES s.duchaine@immigre.ca T\u00e9l: 1-514-IMMIGRE #101 \u00c9DUCATION \u2023 Baccalaur\u00e9at en Droit Universit\u00e9 d\u2019Ottawa; \u2023 Ma\u00eetrise en Droit notarial Universit\u00e9 de Sherbrooke. D\u00e9tenteur d&rsquo;un Baccalaur\u00e9at en Droit de l&rsquo;Universit\u00e9 d&rsquo;Ottawa et d&rsquo;une Ma\u00eetrise en Droit notarial de l&rsquo;Universit\u00e9 de Sherbrooke, Me Simon Ducha\u00eene est inscrit au Tableau de l&rsquo;Ordre de la Chambre des notaires du Qu\u00e9bec depuis...\" \/>\n<meta property=\"og:url\" content=\"https:\/\/www.immigre.ca\/fr\/attorneys\/simon-duchaine\/\" \/>\n<meta property=\"og:site_name\" content=\"Immigre.ca\" \/>\n<meta property=\"article:publisher\" content=\"https:\/\/www.facebook.com\/immigre.ca\" \/>\n<meta property=\"article:modified_time\" content=\"2026-02-06T17:15:03+00:00\" \/>\n<meta name=\"twitter:card\" content=\"summary_large_image\" \/>\n<meta name=\"twitter:label1\" content=\"Dur\u00e9e de lecture estim\u00e9e\" \/>\n\t<meta name=\"twitter:data1\" content=\"2 minutes\" \/>\n<script type=\"application\/ld+json\" class=\"yoast-schema-graph\">{\"@context\":\"https:\/\/schema.org\",\"@graph\":[{\"@type\":\"WebPage\",\"@id\":\"https:\/\/www.immigre.ca\/fr\/attorneys\/simon-duchaine\/\",\"url\":\"https:\/\/www.immigre.ca\/fr\/attorneys\/simon-duchaine\/\",\"name\":\"Simon Ducha\u00eene - Immigre.ca\",\"isPartOf\":{\"@id\":\"https:\/\/www.immigre.ca\/#website\"},\"datePublished\":\"2018-09-16T13:08:08+00:00\",\"dateModified\":\"2026-02-06T17:15:03+00:00\",\"breadcrumb\":{\"@id\":\"https:\/\/www.immigre.ca\/fr\/attorneys\/simon-duchaine\/#breadcrumb\"},\"inLanguage\":\"fr-FR\",\"potentialAction\":[{\"@type\":\"ReadAction\",\"target\":[\"https:\/\/www.immigre.ca\/fr\/attorneys\/simon-duchaine\/\"]}]},{\"@type\":\"BreadcrumbList\",\"@id\":\"https:\/\/www.immigre.ca\/fr\/attorneys\/simon-duchaine\/#breadcrumb\",\"itemListElement\":[{\"@type\":\"ListItem\",\"position\":1,\"name\":\"Home\",\"item\":\"https:\/\/www.immigre.ca\/fr\/\"},{\"@type\":\"ListItem\",\"position\":2,\"name\":\"NOS JURISTES EN IMMIGRATION\",\"item\":\"https:\/\/www.immigre.ca\/fr\/attorneys\/\"},{\"@type\":\"ListItem\",\"position\":3,\"name\":\"Simon Ducha\u00eene\"}]},{\"@type\":\"WebSite\",\"@id\":\"https:\/\/www.immigre.ca\/#website\",\"url\":\"https:\/\/www.immigre.ca\/\",\"name\":\"Immigre.ca\",\"description\":\"Canada Immigration Law Firm\",\"publisher\":{\"@id\":\"https:\/\/www.immigre.ca\/#organization\"},\"potentialAction\":[{\"@type\":\"SearchAction\",\"target\":{\"@type\":\"EntryPoint\",\"urlTemplate\":\"https:\/\/www.immigre.ca\/?s={search_term_string}\"},\"query-input\":{\"@type\":\"PropertyValueSpecification\",\"valueRequired\":true,\"valueName\":\"search_term_string\"}}],\"inLanguage\":\"fr-FR\"},{\"@type\":\"Organization\",\"@id\":\"https:\/\/www.immigre.ca\/#organization\",\"name\":\"Immigre.ca - Cananda Immigration Law Firm\",\"url\":\"https:\/\/www.immigre.ca\/\",\"logo\":{\"@type\":\"ImageObject\",\"inLanguage\":\"fr-FR\",\"@id\":\"https:\/\/www.immigre.ca\/#\/schema\/logo\/image\/\",\"url\":\"https:\/\/www.immigre.ca\/wp-content\/uploads\/2019\/03\/Immigre-Logo-Splash.png\",\"contentUrl\":\"https:\/\/www.immigre.ca\/wp-content\/uploads\/2019\/03\/Immigre-Logo-Splash.png\",\"width\":347,\"height\":140,\"caption\":\"Immigre.ca - Cananda Immigration Law Firm\"},\"image\":{\"@id\":\"https:\/\/www.immigre.ca\/#\/schema\/logo\/image\/\"},\"sameAs\":[\"https:\/\/www.facebook.com\/immigre.ca\",\"https:\/\/www.instagram.com\/immigre.ca\/\",\"https:\/\/www.linkedin.com\/company\/immigre-ca\/\"]}]}<\/script>\n<!-- \/ Yoast SEO plugin. -->","yoast_head_json":{"title":"Simon Ducha\u00eene - Immigre.ca","robots":{"index":"index","follow":"follow","max-snippet":"max-snippet:-1","max-image-preview":"max-image-preview:large","max-video-preview":"max-video-preview:-1"},"canonical":"https:\/\/www.immigre.ca\/fr\/attorneys\/simon-duchaine\/","og_locale":"fr_FR","og_type":"article","og_title":"Simon Ducha\u00eene - Immigre.ca","og_description":"COORDONN\u00c9ES s.duchaine@immigre.ca T\u00e9l: 1-514-IMMIGRE #101 \u00c9DUCATION \u2023 Baccalaur\u00e9at en Droit Universit\u00e9 d\u2019Ottawa; \u2023 Ma\u00eetrise en Droit notarial Universit\u00e9 de Sherbrooke. D\u00e9tenteur d&rsquo;un Baccalaur\u00e9at en Droit de l&rsquo;Universit\u00e9 d&rsquo;Ottawa et d&rsquo;une Ma\u00eetrise en Droit notarial de l&rsquo;Universit\u00e9 de Sherbrooke, Me Simon Ducha\u00eene est inscrit au Tableau de l&rsquo;Ordre de la Chambre des notaires du Qu\u00e9bec depuis...","og_url":"https:\/\/www.immigre.ca\/fr\/attorneys\/simon-duchaine\/","og_site_name":"Immigre.ca","article_publisher":"https:\/\/www.facebook.com\/immigre.ca","article_modified_time":"2026-02-06T17:15:03+00:00","twitter_card":"summary_large_image","twitter_misc":{"Dur\u00e9e de lecture estim\u00e9e":"2 minutes"},"schema":{"@context":"https:\/\/schema.org","@graph":[{"@type":"WebPage","@id":"https:\/\/www.immigre.ca\/fr\/attorneys\/simon-duchaine\/","url":"https:\/\/www.immigre.ca\/fr\/attorneys\/simon-duchaine\/","name":"Simon Ducha\u00eene - Immigre.ca","isPartOf":{"@id":"https:\/\/www.immigre.ca\/#website"},"datePublished":"2018-09-16T13:08:08+00:00","dateModified":"2026-02-06T17:15:03+00:00","breadcrumb":{"@id":"https:\/\/www.immigre.ca\/fr\/attorneys\/simon-duchaine\/#breadcrumb"},"inLanguage":"fr-FR","potentialAction":[{"@type":"ReadAction","target":["https:\/\/www.immigre.ca\/fr\/attorneys\/simon-duchaine\/"]}]},{"@type":"BreadcrumbList","@id":"https:\/\/www.immigre.ca\/fr\/attorneys\/simon-duchaine\/#breadcrumb","itemListElement":[{"@type":"ListItem","position":1,"name":"Home","item":"https:\/\/www.immigre.ca\/fr\/"},{"@type":"ListItem","position":2,"name":"NOS JURISTES EN IMMIGRATION","item":"https:\/\/www.immigre.ca\/fr\/attorneys\/"},{"@type":"ListItem","position":3,"name":"Simon Ducha\u00eene"}]},{"@type":"WebSite","@id":"https:\/\/www.immigre.ca\/#website","url":"https:\/\/www.immigre.ca\/","name":"Immigre.ca","description":"Canada Immigration Law Firm","publisher":{"@id":"https:\/\/www.immigre.ca\/#organization"},"potentialAction":[{"@type":"SearchAction","target":{"@type":"EntryPoint","urlTemplate":"https:\/\/www.immigre.ca\/?s={search_term_string}"},"query-input":{"@type":"PropertyValueSpecification","valueRequired":true,"valueName":"search_term_string"}}],"inLanguage":"fr-FR"},{"@type":"Organization","@id":"https:\/\/www.immigre.ca\/#organization","name":"Immigre.ca - Cananda Immigration Law Firm","url":"https:\/\/www.immigre.ca\/","logo":{"@type":"ImageObject","inLanguage":"fr-FR","@id":"https:\/\/www.immigre.ca\/#\/schema\/logo\/image\/","url":"https:\/\/www.immigre.ca\/wp-content\/uploads\/2019\/03\/Immigre-Logo-Splash.png","contentUrl":"https:\/\/www.immigre.ca\/wp-content\/uploads\/2019\/03\/Immigre-Logo-Splash.png","width":347,"height":140,"caption":"Immigre.ca - Cananda Immigration Law Firm"},"image":{"@id":"https:\/\/www.immigre.ca\/#\/schema\/logo\/image\/"},"sameAs":["https:\/\/www.facebook.com\/immigre.ca","https:\/\/www.instagram.com\/immigre.ca\/","https:\/\/www.linkedin.com\/company\/immigre-ca\/"]}]}},"_links":{"self":[{"href":"https:\/\/www.immigre.ca\/fr\/wp-json\/wp\/v2\/pages\/11996","targetHints":{"allow":["GET"]}}],"collection":[{"href":"https:\/\/www.immigre.ca\/fr\/wp-json\/wp\/v2\/pages"}],"about":[{"href":"https:\/\/www.immigre.ca\/fr\/wp-json\/wp\/v2\/types\/page"}],"author":[{"embeddable":true,"href":"https:\/\/www.immigre.ca\/fr\/wp-json\/wp\/v2\/users\/1"}],"replies":[{"embeddable":true,"href":"https:\/\/www.immigre.ca\/fr\/wp-json\/wp\/v2\/comments?post=11996"}],"version-history":[{"count":18,"href":"https:\/\/www.immigre.ca\/fr\/wp-json\/wp\/v2\/pages\/11996\/revisions"}],"predecessor-version":[{"id":12900,"href":"https:\/\/www.immigre.ca\/fr\/wp-json\/wp\/v2\/pages\/11996\/revisions\/12900"}],"up":[{"embeddable":true,"href":"https:\/\/www.immigre.ca\/fr\/wp-json\/wp\/v2\/pages\/12168"}],"wp:attachment":[{"href":"https:\/\/www.immigre.ca\/fr\/wp-json\/wp\/v2\/media?parent=11996"}],"curies":[{"name":"wp","href":"https:\/\/api.w.org\/{rel}","templated":true}]}}