{"id":12164,"date":"2014-09-28T01:09:23","date_gmt":"2014-09-28T01:09:23","guid":{"rendered":"http:\/\/www.immigre.ca\/?page_id=12164"},"modified":"2026-02-06T17:15:34","modified_gmt":"2026-02-06T17:15:34","slug":"valter-pinchiaroli","status":"publish","type":"page","link":"https:\/\/www.immigre.ca\/fr\/attorneys\/valter-pinchiaroli\/","title":{"rendered":"Valter Pinchiaroli"},"content":{"rendered":"<div class=\"row \"><div class=\"wpv-grid grid-2-3  wpv-first-level first has-background unextended\" style=\"\n\t\t\t\tbackground: url( 'http:\/\/www.immigre.ca\/wp-content\/uploads\/2018\/08\/Valter_730x440.jpg' ) no-repeat center top;\n\t\t\t\tbackground-size: auto;\n\t\t\tpadding-top:400px;padding-bottom:0px\" id=\"wpv-column-bc6428d5481fe42a416035fa869e6ccc\" ><\/div>\n<div class=\"wpv-grid grid-1-3 add-border wpv-first-level unextended\" style=\"padding-top:20px;padding-bottom:15px\" id=\"wpv-column-e498c8f2fb1facf32244e841f9664849\" ><div class=\"row \"><div class=\"wpv-grid grid-1-1  first unextended animation-fade-in animated-active\" style=\"padding-top:0px;padding-bottom:0px\" id=\"wpv-column-2b34ad0a83288d0e9a18ce3c47971a01\" ><h4 style=\"padding-left: 20px;\">COORDONN\u00c9ES<\/h4>\n<p style=\"padding-left: 20px;\"><a title=\"email Simon Ducha\u00eene\" href=\"mailto:v.pinchiaroli@immigre.ca\">v.pinchiaroli@immigre.ca<\/a><br \/>\nT\u00e9l: 1-514-IMMIGRE #103<\/p>\n<p style=\"padding-left: 20px;\"><a href=\"https:\/\/www.facebook.com\/valter.pin\"><span class='icon shortcode   use-hover' style='font-size:16px !important;color:#AC0016;'>&#58155;<\/span><\/a>\u00a0 <a href=\"https:\/\/www.linkedin.com\/in\/valterpin\/\"><span class='icon shortcode theme  use-hover' style='font-size:16px !important;color:#AC0016;'>&#58904;<\/span><\/a><br \/>\n<div class=\"push\" style='height:10px'><\/div>\n<h4 style=\"padding-left: 20px;\">EDUCATION<\/h4>\n<p style=\"padding-left: 20px;\">\u2023 Baccalaur\u00e9at en Commerce<br \/>\nUniversit\u00e9 McGill;<br \/>\n\u2023 Baccalaur\u00e9at en Droit<br \/>\nUniversit\u00e9 de Sherbrooke;<br \/>\n\u2023 Ma\u00eetrise en Droit notarial<br \/>\nUniversit\u00e9 de Sherbrooke;<br \/>\n\u2023 Ma\u00eetrise en Fiscalit\u00e9<br \/>\nUniversit\u00e9 de Sherbrooke.<\/div><\/div><\/div><\/div>\n<div class=\"push\" style='height:50px'><\/div>\n<div class=\"row \"><div class=\"wpv-grid grid-1-1  wpv-first-level first unextended\" style=\"padding-top:0px;padding-bottom:0px\" id=\"wpv-column-880b2b6a107a034248fa0d3488aff815\" ><div class=\"clearfix dropcap-wrapper\"><div class=\"dropcap-left\"><span class='dropcap1 '>B<\/span><\/div><div class=\"dropcap-text\">\u00c2TIR VOTRE AVENIR AU-DEL\u00c0 DES FRONTI\u00c8RES.<\/div> <\/div>\n<div class=\"push\" style='height:20px'><\/div>\nD\u00e9tenteur d\u2019un Baccalaur\u00e9at en Commerce de l\u2019Universit\u00e9 Mcgill, d&rsquo;une Baccalaur\u00e9at en Droit de l&rsquo;Universit\u00e9 de Sherbooke, d\u2019une Ma\u00eetrise en Droit notarial de l\u2019Universit\u00e9 de Sherbrooke et d&rsquo;une Ma\u00eetrise en Fiscalit\u00e9 de l&rsquo;Universit\u00e9 de Sherbrooke, Me Valter Pinchiaroli est inscrit au Tableau de l\u2019Ordre de la Chambre des notaires du Qu\u00e9bec depuis 5 ans, lui permettant ainsi de pratiquer le Droit au Canada et plus sp\u00e9cifiquement dans la province de Qu\u00e9bec.<\/p>\n<p>Me Pinchiaroli a compl\u00e9t\u00e9 son stage en droit aupr\u00e8s d&rsquo;une firme renomm\u00e9e en fiscalit\u00e9 au centre-ville de Montr\u00e9al, o\u00f9 il a ensuite pratiqu\u00e9 le droit des affaires, ainsi que la fiscalit\u00e9. En 2015, il d\u00e9marre le Cabinet Juridique R\u00e9seau Notaires qui prends de l&rsquo;expension en 2017 suite au lancement de la plateforme Immigre.ca, laquelle a pour but de desservir un client\u00e8le \u00e0 l&rsquo;international.<\/p>\n<p>Me Pinchiaroli oeuvre principalement dans le domaine du Droit des Affaires et de la Fiscalit\u00e9.<br \/>\n<div class=\"push\" style='height:20px'><\/div><\/div><\/div>\n<div class=\"row \"><div class=\"wpv-grid grid-1-1  wpv-first-level first unextended animation-from-bottom animated-active\" style=\"padding-top:15px;padding-bottom:60px\" id=\"wpv-column-b9719bab6a3a0f28f3dd06c09664502e\" >\t\t<div class=\"sep-text single centered\">\n\t\t\t\t\t\t\t<span class=\"sep-text-before\"><div class=\"sep-text-line\"><\/div><\/span>\n\t\t\t\t\t\t<div class=\"content\">\n\t\t\t\t<h2 class=\"text-divider-double\">PRENDRE RENDEZ-VOUS<\/h2>\t\t\t<\/div>\n\t\t\t<span class=\"sep-text-after\"><div class=\"sep-text-line\"><\/div><\/span>\n\t\t\t\t\t<\/div>\n\t<div class=\"push\" style='height:10px'><\/div>\n<div class=\"row \"><div class=\"wpv-grid grid-1-1  first unextended\" style=\"padding-top:0px;padding-bottom:0px\" id=\"wpv-column-b05491a36ec3de55e24b6308abfcbf54\" ><p><!-- D\u00e9but de widget en ligne Calendly --><\/p>\n<div class=\"calendly-inline-widget\" style=\"min-width: 320px; height: 700px;\" data-url=\"https:\/\/calendly.com\/immigreca\/consultation-juridique-avec-juriste\"><\/div>\n<p><script type=\"text\/javascript\" src=\"https:\/\/assets.calendly.com\/assets\/external\/widget.js\" async><\/script><br \/>\n<!-- Fin de widget en ligne Calendly --><\/div><\/div><\/div><\/div>\n<div class=\"row \"><div class=\"wpv-grid grid-1-1  wpv-first-level first unextended animation-from-bottom animated-active\" style=\"padding-top:15px;padding-bottom:15px\" id=\"wpv-column-df63b9e22ba2d2f1d500ecca440e088b\" >\t\t<div class=\"sep-text single centered\">\n\t\t\t\t\t\t\t<span class=\"sep-text-before\"><div class=\"sep-text-line\"><\/div><\/span>\n\t\t\t\t\t\t<div class=\"content\">\n\t\t\t\t<h2 class=\"text-divider-double\">CONTACTEZ-MOI<\/h2>\t\t\t<\/div>\n\t\t\t<span class=\"sep-text-after\"><div class=\"sep-text-line\"><\/div><\/span>\n\t\t\t\t\t<\/div>\n\t<div class=\"push\" style='height:10px'><\/div>\n<div class=\"row \"><div class=\"wpv-grid grid-1-1  first unextended\" style=\"padding-top:0px;padding-bottom:0px\" id=\"wpv-column-0e8bf02872718c8c3b2b1dea3641dea6\" ><p>\n<div class=\"wpcf7 no-js\" id=\"wpcf7-f12684-o1\" lang=\"en-US\" dir=\"ltr\" data-wpcf7-id=\"12684\">\n<div class=\"screen-reader-response\"><p role=\"status\" aria-live=\"polite\" aria-atomic=\"true\"><\/p> <ul><\/ul><\/div>\n<form action=\"\/fr\/wp-json\/wp\/v2\/pages\/12164#wpcf7-f12684-o1\" method=\"post\" class=\"wpcf7-form init\" aria-label=\"Contact form\" novalidate=\"novalidate\" data-status=\"init\">\n<fieldset class=\"hidden-fields-container\"><input type=\"hidden\" name=\"_wpcf7\" value=\"12684\" \/><input type=\"hidden\" name=\"_wpcf7_version\" value=\"6.1.4\" \/><input type=\"hidden\" name=\"_wpcf7_locale\" value=\"en_US\" \/><input type=\"hidden\" name=\"_wpcf7_unit_tag\" value=\"wpcf7-f12684-o1\" \/><input type=\"hidden\" name=\"_wpcf7_container_post\" value=\"0\" \/><input type=\"hidden\" name=\"_wpcf7_posted_data_hash\" value=\"\" \/><input type=\"hidden\" name=\"_wpcf7_key\" value=\"contact-form-team_copy\" \/><input type=\"hidden\" name=\"_cf7sg_toggles\" value=\"\" \/><input type=\"hidden\" name=\"_cf7sg_version\" value=\"4.15.8\" \/><input type=\"hidden\" name=\"_wpnonce\" value=\"3c00c161ff\" \/><input type=\"hidden\" name=\"_wpcf7_recaptcha_response\" value=\"\" \/>\n<\/fieldset>\n<div class=\"row\">\n\t<div class=\"grid-1-3\">\n\t\t<p><span class=\"wpcf7-form-control-wrap\" data-name=\"Name\"><input size=\"40\" maxlength=\"400\" class=\"wpcf7-form-control wpcf7-text wpcf7-validates-as-required\" aria-required=\"true\" aria-invalid=\"false\" placeholder=\"Nom\" value=\"\" type=\"text\" name=\"Name\" \/><\/span>\n\t\t<\/p>\n\t<\/div>\n\t<div class=\"grid-1-3\">\n\t\t<p><span class=\"wpcf7-form-control-wrap\" data-name=\"E-mail\"><input size=\"40\" maxlength=\"400\" class=\"wpcf7-form-control wpcf7-text wpcf7-validates-as-required\" aria-required=\"true\" aria-invalid=\"false\" placeholder=\"Courriel\" value=\"\" type=\"text\" name=\"E-mail\" \/><\/span>\n\t\t<\/p>\n\t<\/div>\n\t<div class=\"grid-1-3\">\n\t\t<p><span class=\"wpcf7-form-control-wrap\" data-name=\"Phone\"><input size=\"40\" maxlength=\"400\" class=\"wpcf7-form-control wpcf7-text\" aria-invalid=\"false\" placeholder=\"T\u00e9l\u00e9phone\" value=\"\" type=\"text\" name=\"Phone\" \/><\/span>\n\t\t<\/p>\n\t<\/div>\n\t<div class=\"grid-1-1\">\n\t\t<p><span class=\"wpcf7-form-control-wrap\" data-name=\"Message\"><textarea cols=\"40\" rows=\"7\" maxlength=\"2000\" class=\"wpcf7-form-control wpcf7-textarea wpcf7-validates-as-required\" aria-required=\"true\" aria-invalid=\"false\" placeholder=\"Votre message...\" name=\"Message\"><\/textarea><\/span>\n\t\t<\/p>\n\t<\/div>\n\t<div class=\"grid-1-1\">\n\t\t<p><input class=\"wpcf7-form-control wpcf7-submit has-spinner\" type=\"submit\" value=\"Envoyer \u2192\" \/>\n\t\t<\/p>\n\t<\/div>\n<\/div><div class=\"wpcf7-response-output\" aria-hidden=\"true\"><\/div>\n<\/form>\n<\/div>\n<\/div><\/div><\/div><\/div>\n","protected":false},"excerpt":{"rendered":"<p>COORDONN\u00c9ES v.pinchiaroli@immigre.ca T\u00e9l: 1-514-IMMIGRE #103 \u00a0 EDUCATION \u2023 Baccalaur\u00e9at en Commerce Universit\u00e9 McGill; \u2023 Baccalaur\u00e9at en Droit Universit\u00e9 de Sherbrooke; \u2023 Ma\u00eetrise en Droit notarial Universit\u00e9 de Sherbrooke; \u2023 Ma\u00eetrise en Fiscalit\u00e9 Universit\u00e9 de Sherbrooke. D\u00e9tenteur d\u2019un Baccalaur\u00e9at en Commerce de l\u2019Universit\u00e9 Mcgill, d&rsquo;une Baccalaur\u00e9at en Droit de l&rsquo;Universit\u00e9 de Sherbooke, d\u2019une Ma\u00eetrise en Droit&#8230;<\/p>\n","protected":false},"author":1,"featured_media":0,"parent":12168,"menu_order":0,"comment_status":"closed","ping_status":"open","template":"","meta":{"footnotes":""},"class_list":["post-12164","page","type-page","status-publish","hentry"],"yoast_head":"<!-- This site is optimized with the Yoast SEO plugin v26.7 - https:\/\/yoast.com\/wordpress\/plugins\/seo\/ -->\n<title>Valter Pinchiaroli - Immigre.ca<\/title>\n<meta name=\"robots\" content=\"index, follow, max-snippet:-1, max-image-preview:large, max-video-preview:-1\" \/>\n<link rel=\"canonical\" href=\"https:\/\/www.immigre.ca\/fr\/attorneys\/valter-pinchiaroli\/\" \/>\n<meta property=\"og:locale\" content=\"fr_FR\" \/>\n<meta property=\"og:type\" content=\"article\" \/>\n<meta property=\"og:title\" content=\"Valter Pinchiaroli - Immigre.ca\" \/>\n<meta property=\"og:description\" content=\"COORDONN\u00c9ES v.pinchiaroli@immigre.ca T\u00e9l: 1-514-IMMIGRE #103 \u00a0 EDUCATION \u2023 Baccalaur\u00e9at en Commerce Universit\u00e9 McGill; \u2023 Baccalaur\u00e9at en Droit Universit\u00e9 de Sherbrooke; \u2023 Ma\u00eetrise en Droit notarial Universit\u00e9 de Sherbrooke; \u2023 Ma\u00eetrise en Fiscalit\u00e9 Universit\u00e9 de Sherbrooke. D\u00e9tenteur d\u2019un Baccalaur\u00e9at en Commerce de l\u2019Universit\u00e9 Mcgill, d&rsquo;une Baccalaur\u00e9at en Droit de l&rsquo;Universit\u00e9 de Sherbooke, d\u2019une Ma\u00eetrise en Droit...\" \/>\n<meta property=\"og:url\" content=\"https:\/\/www.immigre.ca\/fr\/attorneys\/valter-pinchiaroli\/\" \/>\n<meta property=\"og:site_name\" content=\"Immigre.ca\" \/>\n<meta property=\"article:publisher\" content=\"https:\/\/www.facebook.com\/immigre.ca\" \/>\n<meta property=\"article:modified_time\" content=\"2026-02-06T17:15:34+00:00\" \/>\n<meta name=\"twitter:card\" content=\"summary_large_image\" \/>\n<meta name=\"twitter:label1\" content=\"Dur\u00e9e de lecture estim\u00e9e\" \/>\n\t<meta name=\"twitter:data1\" content=\"2 minutes\" \/>\n<script type=\"application\/ld+json\" class=\"yoast-schema-graph\">{\"@context\":\"https:\/\/schema.org\",\"@graph\":[{\"@type\":\"WebPage\",\"@id\":\"https:\/\/www.immigre.ca\/fr\/attorneys\/valter-pinchiaroli\/\",\"url\":\"https:\/\/www.immigre.ca\/fr\/attorneys\/valter-pinchiaroli\/\",\"name\":\"Valter Pinchiaroli - Immigre.ca\",\"isPartOf\":{\"@id\":\"https:\/\/www.immigre.ca\/#website\"},\"datePublished\":\"2014-09-28T01:09:23+00:00\",\"dateModified\":\"2026-02-06T17:15:34+00:00\",\"breadcrumb\":{\"@id\":\"https:\/\/www.immigre.ca\/fr\/attorneys\/valter-pinchiaroli\/#breadcrumb\"},\"inLanguage\":\"fr-FR\",\"potentialAction\":[{\"@type\":\"ReadAction\",\"target\":[\"https:\/\/www.immigre.ca\/fr\/attorneys\/valter-pinchiaroli\/\"]}]},{\"@type\":\"BreadcrumbList\",\"@id\":\"https:\/\/www.immigre.ca\/fr\/attorneys\/valter-pinchiaroli\/#breadcrumb\",\"itemListElement\":[{\"@type\":\"ListItem\",\"position\":1,\"name\":\"Home\",\"item\":\"https:\/\/www.immigre.ca\/fr\/\"},{\"@type\":\"ListItem\",\"position\":2,\"name\":\"NOS JURISTES EN IMMIGRATION\",\"item\":\"https:\/\/www.immigre.ca\/fr\/attorneys\/\"},{\"@type\":\"ListItem\",\"position\":3,\"name\":\"Valter Pinchiaroli\"}]},{\"@type\":\"WebSite\",\"@id\":\"https:\/\/www.immigre.ca\/#website\",\"url\":\"https:\/\/www.immigre.ca\/\",\"name\":\"Immigre.ca\",\"description\":\"Canada Immigration Law Firm\",\"publisher\":{\"@id\":\"https:\/\/www.immigre.ca\/#organization\"},\"potentialAction\":[{\"@type\":\"SearchAction\",\"target\":{\"@type\":\"EntryPoint\",\"urlTemplate\":\"https:\/\/www.immigre.ca\/?s={search_term_string}\"},\"query-input\":{\"@type\":\"PropertyValueSpecification\",\"valueRequired\":true,\"valueName\":\"search_term_string\"}}],\"inLanguage\":\"fr-FR\"},{\"@type\":\"Organization\",\"@id\":\"https:\/\/www.immigre.ca\/#organization\",\"name\":\"Immigre.ca - Cananda Immigration Law Firm\",\"url\":\"https:\/\/www.immigre.ca\/\",\"logo\":{\"@type\":\"ImageObject\",\"inLanguage\":\"fr-FR\",\"@id\":\"https:\/\/www.immigre.ca\/#\/schema\/logo\/image\/\",\"url\":\"https:\/\/www.immigre.ca\/wp-content\/uploads\/2019\/03\/Immigre-Logo-Splash.png\",\"contentUrl\":\"https:\/\/www.immigre.ca\/wp-content\/uploads\/2019\/03\/Immigre-Logo-Splash.png\",\"width\":347,\"height\":140,\"caption\":\"Immigre.ca - Cananda Immigration Law Firm\"},\"image\":{\"@id\":\"https:\/\/www.immigre.ca\/#\/schema\/logo\/image\/\"},\"sameAs\":[\"https:\/\/www.facebook.com\/immigre.ca\",\"https:\/\/www.instagram.com\/immigre.ca\/\",\"https:\/\/www.linkedin.com\/company\/immigre-ca\/\"]}]}<\/script>\n<!-- \/ Yoast SEO plugin. -->","yoast_head_json":{"title":"Valter Pinchiaroli - Immigre.ca","robots":{"index":"index","follow":"follow","max-snippet":"max-snippet:-1","max-image-preview":"max-image-preview:large","max-video-preview":"max-video-preview:-1"},"canonical":"https:\/\/www.immigre.ca\/fr\/attorneys\/valter-pinchiaroli\/","og_locale":"fr_FR","og_type":"article","og_title":"Valter Pinchiaroli - Immigre.ca","og_description":"COORDONN\u00c9ES v.pinchiaroli@immigre.ca T\u00e9l: 1-514-IMMIGRE #103 \u00a0 EDUCATION \u2023 Baccalaur\u00e9at en Commerce Universit\u00e9 McGill; \u2023 Baccalaur\u00e9at en Droit Universit\u00e9 de Sherbrooke; \u2023 Ma\u00eetrise en Droit notarial Universit\u00e9 de Sherbrooke; \u2023 Ma\u00eetrise en Fiscalit\u00e9 Universit\u00e9 de Sherbrooke. D\u00e9tenteur d\u2019un Baccalaur\u00e9at en Commerce de l\u2019Universit\u00e9 Mcgill, d&rsquo;une Baccalaur\u00e9at en Droit de l&rsquo;Universit\u00e9 de Sherbooke, d\u2019une Ma\u00eetrise en Droit...","og_url":"https:\/\/www.immigre.ca\/fr\/attorneys\/valter-pinchiaroli\/","og_site_name":"Immigre.ca","article_publisher":"https:\/\/www.facebook.com\/immigre.ca","article_modified_time":"2026-02-06T17:15:34+00:00","twitter_card":"summary_large_image","twitter_misc":{"Dur\u00e9e de lecture estim\u00e9e":"2 minutes"},"schema":{"@context":"https:\/\/schema.org","@graph":[{"@type":"WebPage","@id":"https:\/\/www.immigre.ca\/fr\/attorneys\/valter-pinchiaroli\/","url":"https:\/\/www.immigre.ca\/fr\/attorneys\/valter-pinchiaroli\/","name":"Valter Pinchiaroli - Immigre.ca","isPartOf":{"@id":"https:\/\/www.immigre.ca\/#website"},"datePublished":"2014-09-28T01:09:23+00:00","dateModified":"2026-02-06T17:15:34+00:00","breadcrumb":{"@id":"https:\/\/www.immigre.ca\/fr\/attorneys\/valter-pinchiaroli\/#breadcrumb"},"inLanguage":"fr-FR","potentialAction":[{"@type":"ReadAction","target":["https:\/\/www.immigre.ca\/fr\/attorneys\/valter-pinchiaroli\/"]}]},{"@type":"BreadcrumbList","@id":"https:\/\/www.immigre.ca\/fr\/attorneys\/valter-pinchiaroli\/#breadcrumb","itemListElement":[{"@type":"ListItem","position":1,"name":"Home","item":"https:\/\/www.immigre.ca\/fr\/"},{"@type":"ListItem","position":2,"name":"NOS JURISTES EN IMMIGRATION","item":"https:\/\/www.immigre.ca\/fr\/attorneys\/"},{"@type":"ListItem","position":3,"name":"Valter Pinchiaroli"}]},{"@type":"WebSite","@id":"https:\/\/www.immigre.ca\/#website","url":"https:\/\/www.immigre.ca\/","name":"Immigre.ca","description":"Canada Immigration Law Firm","publisher":{"@id":"https:\/\/www.immigre.ca\/#organization"},"potentialAction":[{"@type":"SearchAction","target":{"@type":"EntryPoint","urlTemplate":"https:\/\/www.immigre.ca\/?s={search_term_string}"},"query-input":{"@type":"PropertyValueSpecification","valueRequired":true,"valueName":"search_term_string"}}],"inLanguage":"fr-FR"},{"@type":"Organization","@id":"https:\/\/www.immigre.ca\/#organization","name":"Immigre.ca - Cananda Immigration Law Firm","url":"https:\/\/www.immigre.ca\/","logo":{"@type":"ImageObject","inLanguage":"fr-FR","@id":"https:\/\/www.immigre.ca\/#\/schema\/logo\/image\/","url":"https:\/\/www.immigre.ca\/wp-content\/uploads\/2019\/03\/Immigre-Logo-Splash.png","contentUrl":"https:\/\/www.immigre.ca\/wp-content\/uploads\/2019\/03\/Immigre-Logo-Splash.png","width":347,"height":140,"caption":"Immigre.ca - Cananda Immigration Law Firm"},"image":{"@id":"https:\/\/www.immigre.ca\/#\/schema\/logo\/image\/"},"sameAs":["https:\/\/www.facebook.com\/immigre.ca","https:\/\/www.instagram.com\/immigre.ca\/","https:\/\/www.linkedin.com\/company\/immigre-ca\/"]}]}},"_links":{"self":[{"href":"https:\/\/www.immigre.ca\/fr\/wp-json\/wp\/v2\/pages\/12164","targetHints":{"allow":["GET"]}}],"collection":[{"href":"https:\/\/www.immigre.ca\/fr\/wp-json\/wp\/v2\/pages"}],"about":[{"href":"https:\/\/www.immigre.ca\/fr\/wp-json\/wp\/v2\/types\/page"}],"author":[{"embeddable":true,"href":"https:\/\/www.immigre.ca\/fr\/wp-json\/wp\/v2\/users\/1"}],"replies":[{"embeddable":true,"href":"https:\/\/www.immigre.ca\/fr\/wp-json\/wp\/v2\/comments?post=12164"}],"version-history":[{"count":24,"href":"https:\/\/www.immigre.ca\/fr\/wp-json\/wp\/v2\/pages\/12164\/revisions"}],"predecessor-version":[{"id":12901,"href":"https:\/\/www.immigre.ca\/fr\/wp-json\/wp\/v2\/pages\/12164\/revisions\/12901"}],"up":[{"embeddable":true,"href":"https:\/\/www.immigre.ca\/fr\/wp-json\/wp\/v2\/pages\/12168"}],"wp:attachment":[{"href":"https:\/\/www.immigre.ca\/fr\/wp-json\/wp\/v2\/media?parent=12164"}],"curies":[{"name":"wp","href":"https:\/\/api.w.org\/{rel}","templated":true}]}}