{"id":12229,"date":"2013-03-22T14:19:51","date_gmt":"2013-03-22T14:19:51","guid":{"rendered":"http:\/\/www.immigre.ca\/contact-us\/"},"modified":"2024-02-27T21:36:42","modified_gmt":"2024-02-27T21:36:42","slug":"contact-us","status":"publish","type":"page","link":"https:\/\/www.immigre.ca\/fr\/contact-us\/","title":{"rendered":"Contact"},"content":{"rendered":"<div class=\"row \"><div class=\"wpv-grid grid-1-1  wpv-first-level first unextended\" style=\"padding-top:0px;padding-bottom:0px\" id=\"wpv-column-0eac269a2e1d1c9c70ecf1c79494aace\" >\t\t<h2 class=\"text-divider-double\">\t\t\tMontr\u00e9al, Ottawa ainsi qu'\u00e0 l'\u00e9chelle mondiale via video-conf\u00e9rence!\t\t<\/h2>\t\t<div class=\"sep\"><\/div>\t<div class=\"row \"><div class=\"wpv-grid grid-1-1  first unextended animation-fade-in animated-active\" style=\"padding-top:0px;padding-bottom:0px\" id=\"wpv-column-b8052f5f5c85dd5fd04f1f59c88295ef\" ><div class=\"push\" style='margin-bottom:-30px'><\/div>\n<p style=\"text-align: center;\"><span class=\"vamtam-font-style-2 accent-4\">Votre cheminement au Canada d\u00e9bute avec notre \u00e9quipe de juristes en immigration.<\/span><br \/>\n<div class=\"push\" style='height:30px'><\/div><\/div><\/div>\n<div class=\"row \"><div class=\"wpv-grid grid-1-2  first unextended animation-fade-in animated-active\" style=\"padding-top:0px;padding-bottom:0px\" id=\"wpv-column-191f5e0cc64098edca8a4ad2119aaba6\" ><p style=\"text-align: center;\"><span class='icon shortcode theme  use-hover' style='font-size:42px !important;color:#AC0016;'>&#57530;<\/span>\n<p style=\"text-align: center;\">JOURS DE SEMAINE: Sur rendez-vous seulement entre 9h00 et 17h00.<br \/>\nSAMEDI et DIMANCHE: Ferm\u00e9.<\/div>\n<div class=\"wpv-grid grid-1-2  unextended animation-fade-in animated-active\" style=\"padding-top:0px;padding-bottom:0px\" id=\"wpv-column-5784d82b5a3b180c9d6006249f361429\" ><a href=\"callto:\/\/15144664473\"><\/p>\n<p style=\"text-align: center;\"><span class='icon shortcode theme  use-hover' style='font-size:42px !important;color:#AC0016;'>&#57471;<\/span>\n<p style=\"text-align: center;\">T\u00e9l: +1-514-IMMIGRE<\/p>\n<p><\/a><br \/>\n&nbsp;<\/div><\/div>\n<div class=\"push\" style='margin-bottom:-40px'><\/div>\n<div class=\"sep-3\"><\/div>\n<div class=\"row \"><div class=\"wpv-grid grid-1-1  first unextended animation-zoom-in animated-active\" style=\"padding-top:0px;padding-bottom:0px\" id=\"wpv-column-b421dd3270ca2ff0a1123afce85cbdb7\" ><div class=\"push\" style='margin-bottom:-10px'><\/div>\n<p style=\"text-align: center;\">\u00a0 \u00a0<a href=\"https:\/\/www.instagram.com\/immigre.ca\/\"><span class='icon shortcode   use-hover' style='font-size:25px !important;color:#D8D8D8;'>&#58158;<\/span><\/a>\u00a0<a href=\"https:\/\/www.facebook.com\/immigre.ca\"><span class='icon shortcode   use-hover' style='font-size:25px !important;color:#D8D8D8;'>&#58155;<\/span><\/a>\u00a0<a href=\"https:\/\/www.linkedin.com\/company\/immigre-ca\/\"><span class='icon shortcode   use-hover' style='font-size:25px !important;color:#D8D8D8;'>&#58209;<\/span><\/a>\u00a0<div class=\"push\" style='height:20px'><\/div><\/div><\/div><\/div><\/div>\n<div class=\"row \"><div class=\"wpv-grid grid-1-1  wpv-first-level first has-background extended\" style=\"background-color:#f5f5f5;padding-top:60px;padding-bottom:30px\" id=\"wpv-column-c3625a7cf45f902936e0df0dd5e8f12e\" ><div class=\"extended-column-inner\"><style>#wpv-column-c3625a7cf45f902936e0df0dd5e8f12e p,#wpv-column-c3625a7cf45f902936e0df0dd5e8f12e em,#wpv-column-c3625a7cf45f902936e0df0dd5e8f12e .column-title,#wpv-column-c3625a7cf45f902936e0df0dd5e8f12e .sep-text h2.regular-title-wrapper,#wpv-column-c3625a7cf45f902936e0df0dd5e8f12e .text-divider-double,#wpv-column-c3625a7cf45f902936e0df0dd5e8f12e .sep-text .sep-text-line,#wpv-column-c3625a7cf45f902936e0df0dd5e8f12e .sep,#wpv-column-c3625a7cf45f902936e0df0dd5e8f12e .sep-2,#wpv-column-c3625a7cf45f902936e0df0dd5e8f12e .sep-3,#wpv-column-c3625a7cf45f902936e0df0dd5e8f12e td,#wpv-column-c3625a7cf45f902936e0df0dd5e8f12e th,#wpv-column-c3625a7cf45f902936e0df0dd5e8f12e caption{color:#767676;}#wpv-column-c3625a7cf45f902936e0df0dd5e8f12e:before{background-color:transparent;}<\/style><div class=\"row \"><div class=\"wpv-grid grid-1-1  first unextended animation-from-bottom animated-active\" style=\"padding-top:0px;padding-bottom:0px\" id=\"wpv-column-cee2f29d48507950f11c6151446719d1\" ><p>\n<div class=\"wpcf7 no-js\" id=\"wpcf7-f12711-o1\" lang=\"en-US\" dir=\"ltr\" data-wpcf7-id=\"12711\">\n<div class=\"screen-reader-response\"><p role=\"status\" aria-live=\"polite\" aria-atomic=\"true\"><\/p> <ul><\/ul><\/div>\n<form action=\"\/fr\/wp-json\/wp\/v2\/pages\/12229#wpcf7-f12711-o1\" method=\"post\" class=\"wpcf7-form init\" aria-label=\"Contact form\" novalidate=\"novalidate\" data-status=\"init\">\n<fieldset class=\"hidden-fields-container\"><input type=\"hidden\" name=\"_wpcf7\" value=\"12711\" \/><input type=\"hidden\" name=\"_wpcf7_version\" value=\"6.1.4\" \/><input type=\"hidden\" name=\"_wpcf7_locale\" value=\"en_US\" \/><input type=\"hidden\" name=\"_wpcf7_unit_tag\" value=\"wpcf7-f12711-o1\" \/><input type=\"hidden\" name=\"_wpcf7_container_post\" value=\"0\" \/><input type=\"hidden\" name=\"_wpcf7_posted_data_hash\" value=\"\" \/><input type=\"hidden\" name=\"_wpcf7_key\" value=\"contact-form_copy-2\" \/><input type=\"hidden\" name=\"_cf7sg_toggles\" value=\"\" \/><input type=\"hidden\" name=\"_cf7sg_version\" value=\"4.15.8\" \/><input type=\"hidden\" name=\"_wpnonce\" value=\"3c00c161ff\" \/><input type=\"hidden\" name=\"_wpcf7_recaptcha_response\" value=\"\" \/>\n<\/fieldset>\n<div class=\"row\">\n\t<div class=\"grid-1-3\">\n\t\t<p><span class=\"wpcf7-form-control-wrap\" data-name=\"Name\"><input size=\"40\" maxlength=\"400\" class=\"wpcf7-form-control wpcf7-text wpcf7-validates-as-required\" aria-required=\"true\" aria-invalid=\"false\" placeholder=\"Nom complet\" value=\"\" type=\"text\" name=\"Name\" \/><\/span>\n\t\t<\/p>\n\t<\/div>\n\t<div class=\"grid-1-3\">\n\t\t<p><span class=\"wpcf7-form-control-wrap\" data-name=\"E-mail\"><input size=\"40\" maxlength=\"400\" class=\"wpcf7-form-control wpcf7-text wpcf7-validates-as-required\" aria-required=\"true\" aria-invalid=\"false\" placeholder=\"Courriel\" value=\"\" type=\"text\" name=\"E-mail\" \/><\/span>\n\t\t<\/p>\n\t<\/div>\n\t<div class=\"grid-1-3\">\n\t\t<p><span class=\"wpcf7-form-control-wrap\" data-name=\"Phone\"><input size=\"40\" maxlength=\"400\" class=\"wpcf7-form-control wpcf7-text\" aria-invalid=\"false\" placeholder=\"T\u00e9l\u00e9phone\" value=\"\" type=\"text\" name=\"Phone\" \/><\/span>\n\t\t<\/p>\n\t<\/div>\n\t<div class=\"grid-1-1\">\n\t\t<p><span class=\"wpcf7-form-control-wrap\" data-name=\"Subject\"><input size=\"40\" maxlength=\"400\" class=\"wpcf7-form-control wpcf7-text wpcf7-validates-as-required\" aria-required=\"true\" aria-invalid=\"false\" placeholder=\"Sujet\" value=\"\" type=\"text\" name=\"Subject\" \/><\/span>\n\t\t<\/p>\n\t<\/div>\n\t<div class=\"grid-1-1\">\n\t\t<p><span class=\"wpcf7-form-control-wrap\" data-name=\"Message\"><textarea cols=\"40\" rows=\"6\" maxlength=\"2000\" class=\"wpcf7-form-control wpcf7-textarea wpcf7-validates-as-required\" aria-required=\"true\" aria-invalid=\"false\" placeholder=\"Votre message...\" name=\"Message\"><\/textarea><\/span>\n\t\t<\/p>\n\t<\/div>\n\t<div style=\"text-align: center\">\n\t\t<p><input class=\"wpcf7-form-control wpcf7-submit has-spinner\" type=\"submit\" value=\"Envoyez votre message \u2192\" \/>\n\t\t<\/p>\n\t<\/div>\n<\/div><div class=\"wpcf7-response-output\" aria-hidden=\"true\"><\/div>\n<\/form>\n<\/div>\n<\/div><\/div><\/div><\/div><\/div>\n","protected":false},"excerpt":{"rendered":"<p>Votre cheminement au Canada d\u00e9bute avec notre \u00e9quipe de juristes en immigration. JOURS DE SEMAINE: Sur rendez-vous seulement entre 9h00 et 17h00. SAMEDI et DIMANCHE: Ferm\u00e9. T\u00e9l: +1-514-IMMIGRE &nbsp; \u00a0 \u00a0\u00a0\u00a0\u00a0<\/p>\n","protected":false},"author":1,"featured_media":0,"parent":0,"menu_order":3,"comment_status":"closed","ping_status":"closed","template":"","meta":{"footnotes":""},"class_list":["post-12229","page","type-page","status-publish","hentry"],"yoast_head":"<!-- This site is optimized with the Yoast SEO plugin v26.7 - https:\/\/yoast.com\/wordpress\/plugins\/seo\/ -->\n<title>Contact - Immigre.ca<\/title>\n<meta name=\"description\" content=\"Nous aidons nos clients par t\u00e9l\u00e9phone, par vid\u00e9oconf\u00e9rence (Facebook Messenger \/ What&#039;s app \/ Skype) ou par consultation juridique. Voici nos coordonn\u00e9es.\" \/>\n<meta name=\"robots\" content=\"index, follow, max-snippet:-1, max-image-preview:large, max-video-preview:-1\" \/>\n<link rel=\"canonical\" href=\"https:\/\/www.immigre.ca\/fr\/contact-us\/\" \/>\n<meta property=\"og:locale\" content=\"fr_FR\" \/>\n<meta property=\"og:type\" content=\"article\" \/>\n<meta property=\"og:title\" content=\"Contact - Immigre.ca\" \/>\n<meta property=\"og:description\" content=\"Nous aidons nos clients par t\u00e9l\u00e9phone, par vid\u00e9oconf\u00e9rence (Facebook Messenger \/ What&#039;s app \/ Skype) ou par consultation juridique. Voici nos coordonn\u00e9es.\" \/>\n<meta property=\"og:url\" content=\"https:\/\/www.immigre.ca\/fr\/contact-us\/\" \/>\n<meta property=\"og:site_name\" content=\"Immigre.ca\" \/>\n<meta property=\"article:publisher\" content=\"https:\/\/www.facebook.com\/immigre.ca\" \/>\n<meta property=\"article:modified_time\" content=\"2024-02-27T21:36:42+00:00\" \/>\n<meta name=\"twitter:card\" content=\"summary_large_image\" \/>\n<meta name=\"twitter:label1\" content=\"Dur\u00e9e de lecture estim\u00e9e\" \/>\n\t<meta name=\"twitter:data1\" content=\"1 minute\" \/>\n<script type=\"application\/ld+json\" class=\"yoast-schema-graph\">{\"@context\":\"https:\/\/schema.org\",\"@graph\":[{\"@type\":\"WebPage\",\"@id\":\"https:\/\/www.immigre.ca\/fr\/contact-us\/\",\"url\":\"https:\/\/www.immigre.ca\/fr\/contact-us\/\",\"name\":\"Contact - Immigre.ca\",\"isPartOf\":{\"@id\":\"https:\/\/www.immigre.ca\/#website\"},\"datePublished\":\"2013-03-22T14:19:51+00:00\",\"dateModified\":\"2024-02-27T21:36:42+00:00\",\"description\":\"Nous aidons nos clients par t\u00e9l\u00e9phone, par vid\u00e9oconf\u00e9rence (Facebook Messenger \/ What's app \/ Skype) ou par consultation juridique. Voici nos coordonn\u00e9es.\",\"breadcrumb\":{\"@id\":\"https:\/\/www.immigre.ca\/fr\/contact-us\/#breadcrumb\"},\"inLanguage\":\"fr-FR\",\"potentialAction\":[{\"@type\":\"ReadAction\",\"target\":[\"https:\/\/www.immigre.ca\/fr\/contact-us\/\"]}]},{\"@type\":\"BreadcrumbList\",\"@id\":\"https:\/\/www.immigre.ca\/fr\/contact-us\/#breadcrumb\",\"itemListElement\":[{\"@type\":\"ListItem\",\"position\":1,\"name\":\"Home\",\"item\":\"https:\/\/www.immigre.ca\/fr\/\"},{\"@type\":\"ListItem\",\"position\":2,\"name\":\"Contact\"}]},{\"@type\":\"WebSite\",\"@id\":\"https:\/\/www.immigre.ca\/#website\",\"url\":\"https:\/\/www.immigre.ca\/\",\"name\":\"Immigre.ca\",\"description\":\"Canada Immigration Law Firm\",\"publisher\":{\"@id\":\"https:\/\/www.immigre.ca\/#organization\"},\"potentialAction\":[{\"@type\":\"SearchAction\",\"target\":{\"@type\":\"EntryPoint\",\"urlTemplate\":\"https:\/\/www.immigre.ca\/?s={search_term_string}\"},\"query-input\":{\"@type\":\"PropertyValueSpecification\",\"valueRequired\":true,\"valueName\":\"search_term_string\"}}],\"inLanguage\":\"fr-FR\"},{\"@type\":\"Organization\",\"@id\":\"https:\/\/www.immigre.ca\/#organization\",\"name\":\"Immigre.ca - Cananda Immigration Law Firm\",\"url\":\"https:\/\/www.immigre.ca\/\",\"logo\":{\"@type\":\"ImageObject\",\"inLanguage\":\"fr-FR\",\"@id\":\"https:\/\/www.immigre.ca\/#\/schema\/logo\/image\/\",\"url\":\"https:\/\/www.immigre.ca\/wp-content\/uploads\/2019\/03\/Immigre-Logo-Splash.png\",\"contentUrl\":\"https:\/\/www.immigre.ca\/wp-content\/uploads\/2019\/03\/Immigre-Logo-Splash.png\",\"width\":347,\"height\":140,\"caption\":\"Immigre.ca - Cananda Immigration Law Firm\"},\"image\":{\"@id\":\"https:\/\/www.immigre.ca\/#\/schema\/logo\/image\/\"},\"sameAs\":[\"https:\/\/www.facebook.com\/immigre.ca\",\"https:\/\/www.instagram.com\/immigre.ca\/\",\"https:\/\/www.linkedin.com\/company\/immigre-ca\/\"]}]}<\/script>\n<!-- \/ Yoast SEO plugin. -->","yoast_head_json":{"title":"Contact - Immigre.ca","description":"Nous aidons nos clients par t\u00e9l\u00e9phone, par vid\u00e9oconf\u00e9rence (Facebook Messenger \/ What's app \/ Skype) ou par consultation juridique. Voici nos coordonn\u00e9es.","robots":{"index":"index","follow":"follow","max-snippet":"max-snippet:-1","max-image-preview":"max-image-preview:large","max-video-preview":"max-video-preview:-1"},"canonical":"https:\/\/www.immigre.ca\/fr\/contact-us\/","og_locale":"fr_FR","og_type":"article","og_title":"Contact - Immigre.ca","og_description":"Nous aidons nos clients par t\u00e9l\u00e9phone, par vid\u00e9oconf\u00e9rence (Facebook Messenger \/ What's app \/ Skype) ou par consultation juridique. Voici nos coordonn\u00e9es.","og_url":"https:\/\/www.immigre.ca\/fr\/contact-us\/","og_site_name":"Immigre.ca","article_publisher":"https:\/\/www.facebook.com\/immigre.ca","article_modified_time":"2024-02-27T21:36:42+00:00","twitter_card":"summary_large_image","twitter_misc":{"Dur\u00e9e de lecture estim\u00e9e":"1 minute"},"schema":{"@context":"https:\/\/schema.org","@graph":[{"@type":"WebPage","@id":"https:\/\/www.immigre.ca\/fr\/contact-us\/","url":"https:\/\/www.immigre.ca\/fr\/contact-us\/","name":"Contact - Immigre.ca","isPartOf":{"@id":"https:\/\/www.immigre.ca\/#website"},"datePublished":"2013-03-22T14:19:51+00:00","dateModified":"2024-02-27T21:36:42+00:00","description":"Nous aidons nos clients par t\u00e9l\u00e9phone, par vid\u00e9oconf\u00e9rence (Facebook Messenger \/ What's app \/ Skype) ou par consultation juridique. Voici nos coordonn\u00e9es.","breadcrumb":{"@id":"https:\/\/www.immigre.ca\/fr\/contact-us\/#breadcrumb"},"inLanguage":"fr-FR","potentialAction":[{"@type":"ReadAction","target":["https:\/\/www.immigre.ca\/fr\/contact-us\/"]}]},{"@type":"BreadcrumbList","@id":"https:\/\/www.immigre.ca\/fr\/contact-us\/#breadcrumb","itemListElement":[{"@type":"ListItem","position":1,"name":"Home","item":"https:\/\/www.immigre.ca\/fr\/"},{"@type":"ListItem","position":2,"name":"Contact"}]},{"@type":"WebSite","@id":"https:\/\/www.immigre.ca\/#website","url":"https:\/\/www.immigre.ca\/","name":"Immigre.ca","description":"Canada Immigration Law Firm","publisher":{"@id":"https:\/\/www.immigre.ca\/#organization"},"potentialAction":[{"@type":"SearchAction","target":{"@type":"EntryPoint","urlTemplate":"https:\/\/www.immigre.ca\/?s={search_term_string}"},"query-input":{"@type":"PropertyValueSpecification","valueRequired":true,"valueName":"search_term_string"}}],"inLanguage":"fr-FR"},{"@type":"Organization","@id":"https:\/\/www.immigre.ca\/#organization","name":"Immigre.ca - Cananda Immigration Law Firm","url":"https:\/\/www.immigre.ca\/","logo":{"@type":"ImageObject","inLanguage":"fr-FR","@id":"https:\/\/www.immigre.ca\/#\/schema\/logo\/image\/","url":"https:\/\/www.immigre.ca\/wp-content\/uploads\/2019\/03\/Immigre-Logo-Splash.png","contentUrl":"https:\/\/www.immigre.ca\/wp-content\/uploads\/2019\/03\/Immigre-Logo-Splash.png","width":347,"height":140,"caption":"Immigre.ca - Cananda Immigration Law Firm"},"image":{"@id":"https:\/\/www.immigre.ca\/#\/schema\/logo\/image\/"},"sameAs":["https:\/\/www.facebook.com\/immigre.ca","https:\/\/www.instagram.com\/immigre.ca\/","https:\/\/www.linkedin.com\/company\/immigre-ca\/"]}]}},"_links":{"self":[{"href":"https:\/\/www.immigre.ca\/fr\/wp-json\/wp\/v2\/pages\/12229","targetHints":{"allow":["GET"]}}],"collection":[{"href":"https:\/\/www.immigre.ca\/fr\/wp-json\/wp\/v2\/pages"}],"about":[{"href":"https:\/\/www.immigre.ca\/fr\/wp-json\/wp\/v2\/types\/page"}],"author":[{"embeddable":true,"href":"https:\/\/www.immigre.ca\/fr\/wp-json\/wp\/v2\/users\/1"}],"replies":[{"embeddable":true,"href":"https:\/\/www.immigre.ca\/fr\/wp-json\/wp\/v2\/comments?post=12229"}],"version-history":[{"count":13,"href":"https:\/\/www.immigre.ca\/fr\/wp-json\/wp\/v2\/pages\/12229\/revisions"}],"predecessor-version":[{"id":12784,"href":"https:\/\/www.immigre.ca\/fr\/wp-json\/wp\/v2\/pages\/12229\/revisions\/12784"}],"wp:attachment":[{"href":"https:\/\/www.immigre.ca\/fr\/wp-json\/wp\/v2\/media?parent=12229"}],"curies":[{"name":"wp","href":"https:\/\/api.w.org\/{rel}","templated":true}]}}