{"id":12234,"date":"2014-07-04T10:06:07","date_gmt":"2014-07-04T10:06:07","guid":{"rendered":"http:\/\/www.immigre.ca\/practice-areas\/"},"modified":"2018-10-07T23:17:00","modified_gmt":"2018-10-07T23:17:00","slug":"practice-areas","status":"publish","type":"page","link":"https:\/\/www.immigre.ca\/fr\/practice-areas\/","title":{"rendered":"NOS SERVICES"},"content":{"rendered":"<div class=\"row \"><div class=\"wpv-grid grid-1-3  wpv-first-level first unextended\" style=\"padding-top:65px;padding-bottom:0px\" id=\"wpv-column-c657e4e73f59f13f28bf0ef0e57c9c6b\" ><div class=\"row \"><div class=\"wpv-grid grid-1-1  first unextended\" style=\"padding-top:0px;padding-bottom:0px\" id=\"wpv-column-1c5124a88ae798b81ed8c1443b357393\" >\n<div  data-target=\"_self\" class=\"linkarea clearfix   background-transparent\">\n\t\t\t<div class=\"first\"><span class='icon shortcode   use-hover' style='font-size:56px !important;color:#AC0016;'>&#57735;<\/span><\/div>\n\t\t\t\t<div class=\"last\"><h3 style=\"text-align: center;\">DROIT CIVIL<\/h3>\n<div class=\"push\" style='margin-bottom:-20px'><\/div>\n<div class=\"sep-2\"><\/div>\n<ul>\n<li><span class=\"vamtam-font-style-2\">Droit immobilier (Achat \/ Vente et Refinancement de Propri\u00e9t\u00e9s R\u00e9sidentielles et Commerciales);<\/span><\/li>\n<li><span class=\"vamtam-font-style-2\">Bail commercial;<\/span><\/li>\n<li><span class=\"vamtam-font-style-2\">Bail avec option d&rsquo;achat;<\/span><\/li>\n<li><span class=\"vamtam-font-style-2\">Procurations;<\/span><\/li>\n<li><span class=\"vamtam-font-style-2\">Testaments;<\/span><\/li>\n<li><span class=\"vamtam-font-style-2\">Mandats de protection;<\/span><\/li>\n<li><span class=\"vamtam-font-style-2\">Droit des affaires;<\/span><\/li>\n<li><span class=\"vamtam-font-style-2\">Incorporations;<\/span><\/li>\n<li><span class=\"vamtam-font-style-2\">Fusions &#038; acquisitions;<\/span><\/li>\n<li><span class=\"vamtam-font-style-2\">Successions.<\/span><\/li>\n<\/ul>\n<div class=\"push\" style='height:30px'><\/div>\n<p class=\"textcenter\"><a href=\"#\" target=\"_self\" style='font-size: 14px;' class=\"button vamtam-button accent2  button-border hover-accent2 \"><span class=\"btext\">PLUS \u2192<\/span><\/a><\/p> <div class=\"push\" style='height:20px'><\/div><\/div>\n\t<\/div><\/div><\/div><\/div>\n<div class=\"wpv-grid grid-1-3 add-border wpv-first-level unextended\" style=\"padding-top:0px;padding-bottom:0px\" id=\"wpv-column-e54bf687587458a52fe58e90efee6ad5\" ><div class=\"row \"><div class=\"wpv-grid grid-1-1  first unextended\" style=\"padding-top:0px;padding-bottom:0px\" id=\"wpv-column-236cc9bcee36fb77e3386ec984543b69\" >\n<div  data-target=\"_self\" class=\"linkarea clearfix   background-transparent\">\n\t\t\t<div class=\"first\"><span class='icon shortcode   use-hover' style='font-size:56px !important;color:#AC0016;'>&#57818;<\/span><\/div>\n\t\t\t\t<div class=\"last\"><h3 style=\"text-align: center;\">DROIT DE L&rsquo;IMMIGRATION<br \/>\n<\/h3>\n<div class=\"push\" style='margin-bottom:-20px'><\/div>\n<div class=\"sep-2\"><\/div>\n<ul>\n<li><span class=\"vamtam-font-style-2\"><strong>Visas de visiteur<\/strong> \/ Autorisation de voyage \u00e9lectronique (AVE);<\/span><\/li>\n<li><span class=\"vamtam-font-style-2\"><strong>Permis de travail<\/strong> (Travailleurs temporaires, gens d&rsquo;affaires, \u00e9tudiants ou aidants familiaux);<\/span><\/li>\n<li><span class=\"vamtam-font-style-2\"><strong>Permis de travail sous Exp\u00e9rience internationale Canada (EIC)<\/strong>: Ouverts \/ Li\u00e9s \u00e0 un employeur donn\u00e9 (pour Jeunes professionnels \/ Stage coop international);<\/span><\/li>\n<li><span class=\"vamtam-font-style-2\">\u00c9tude d\u2019impact sur le march\u00e9 du travail (EIMT);<\/span><\/li>\n<li><span class=\"vamtam-font-style-2\"><strong>Permis d&rsquo;\u00e9tudes<\/strong> \/ Certificat d&rsquo;acceptation du Qu\u00e9bec pour \u00e9tudes;<\/span><\/li>\n<li><span class=\"vamtam-font-style-2\"><strong>Permis de travail postdipl\u00f4me<\/strong>;<\/span><\/li>\n<li><span class=\"vamtam-font-style-2\">Certificat de S\u00e9lection du Qu\u00e9bec;<\/span><\/li>\n<li><span class=\"vamtam-font-style-2\"><strong>Programme d\u2019Entr\u00e9e Express<\/strong> (PEE): R\u00e9sidence permanente par  Programme de travailleurs qualifi\u00e9s \/ Programme des travailleurs de m\u00e9tiers sp\u00e9cialis\u00e9s \/\u00a0Cat\u00e9gorie de l&rsquo;Exp\u00e9rience canadienne;<\/span><\/li>\n<li><span class=\"vamtam-font-style-2\">Programme des candidats des provinces (PCP);<\/span><\/li>\n<li><span class=\"vamtam-font-style-2\">Strat\u00e9gie en mati\u00e8re de comp\u00e9tences mondiales;<\/span><\/li>\n<li><span class=\"vamtam-font-style-2\"><strong>Parrainage d&rsquo;un membre de la famille<\/strong>;<\/span><\/li>\n<li><span class=\"vamtam-font-style-2\">Parrainage li\u00e9 \u00e0 une adoption.<\/span><\/li>\n<\/ul>\n<div class=\"push\" style='height:30px'><\/div>\n<p class=\"textcenter\"><a href=\"#\" target=\"_self\" style='font-size: 14px;' class=\"button vamtam-button accent2  button-border hover-accent2 \"><span class=\"btext\">PLUS \u2192<\/span><\/a><\/p> <div class=\"push\" style='height:20px'><\/div><\/div>\n\t<\/div><\/div><\/div><\/div>\n<div class=\"wpv-grid grid-1-3  wpv-first-level unextended\" style=\"padding-top:65px;padding-bottom:0px\" id=\"wpv-column-56957ae421db3d4d9b9942681eee3217\" ><div class=\"row \"><div class=\"wpv-grid grid-1-1  first unextended\" style=\"padding-top:0px;padding-bottom:0px\" id=\"wpv-column-b5fd12a022bdccc8b790e7cdca882414\" >\n<div  data-target=\"_self\" class=\"linkarea clearfix   background-transparent\">\n\t\t\t<div class=\"first\"><span class='icon shortcode   use-hover' style='font-size:56px !important;color:#AC0016;'>&#57363;<\/span><\/div>\n\t\t\t\t<div class=\"last\"><h3 style=\"text-align: center;\">PLANIFICATIONS FISCALES<\/h3>\n<div class=\"push\" style='margin-bottom:-20px'><\/div>\n<div class=\"sep-2\"><\/div>\n<ul>\n<li><span class=\"vamtam-font-style-2\">Investissement par Soci\u00e9t\u00e9 de gestion;<\/span><\/li>\n<li><span class=\"vamtam-font-style-2\">Investissement aux \u00c9tats-Unis;<\/span><\/li>\n<li><span class=\"vamtam-font-style-2\">Fiducies familiales;<\/span><\/li>\n<li><span class=\"vamtam-font-style-2\">Fiducies de placement immobiliers;<\/span><\/li>\n<li><span class=\"vamtam-font-style-2\">Fractionnement de revenus;<\/span><\/li>\n<li><span class=\"vamtam-font-style-2\">Investissement par emprunt.<\/span><\/li>\n<\/ul>\n<div class=\"push\" style='height:30px'><\/div>\n<p class=\"textcenter\"><a href=\"#\" target=\"_self\" style='font-size: 14px;' class=\"button vamtam-button accent4  button-border hover-accent2 \"><span class=\"btext\">PLUS \u2192<\/span><\/a><\/p> <div class=\"push\" style='height:20px'><\/div><\/div>\n\t<\/div><\/div><\/div><\/div><\/div>\n<div class=\"push\" style='height:30px'><\/div>\n<div class=\"row \"><div class=\"wpv-grid grid-1-1  wpv-first-level first unextended\" style=\"padding-top:0px;padding-bottom:0px\" id=\"wpv-column-edb01a69cb66ff7d1a38deae2e40544d\" ><p>&nbsp;<\/p>\n<p style=\"text-align: center;\"><span class=\"vamtam-font-style-1 accent-1\">\u201c<em>Lorsque vous travaillez pour les autres, faites-le avec autant d\u2019ardeur que si c\u2019\u00e9tait pour vous-m\u00eame.\u201d<\/em><\/span><\/p>\n<p style=\"text-align: center;\"><span class=\"vamtam-font-style-1 accent-6\">-Confucius<\/span><\/p>\n<h2><\/h2><\/div><\/div>\n<div class=\"push\" style='height:50px'><\/div>\n","protected":false},"excerpt":{"rendered":"<p>&nbsp; \u201cLorsque vous travaillez pour les autres, faites-le avec autant d\u2019ardeur que si c\u2019\u00e9tait pour vous-m\u00eame.\u201d -Confucius<\/p>\n","protected":false},"author":1,"featured_media":0,"parent":0,"menu_order":0,"comment_status":"closed","ping_status":"open","template":"","meta":{"footnotes":""},"class_list":["post-12234","page","type-page","status-publish","hentry"],"yoast_head":"<!-- This site is optimized with the Yoast SEO plugin v26.7 - https:\/\/yoast.com\/wordpress\/plugins\/seo\/ -->\n<title>NOS SERVICES - Immigre.ca<\/title>\n<meta name=\"robots\" content=\"index, follow, max-snippet:-1, max-image-preview:large, max-video-preview:-1\" \/>\n<link rel=\"canonical\" href=\"https:\/\/www.immigre.ca\/fr\/practice-areas\/\" \/>\n<meta property=\"og:locale\" content=\"fr_FR\" \/>\n<meta property=\"og:type\" content=\"article\" \/>\n<meta property=\"og:title\" content=\"NOS SERVICES - Immigre.ca\" \/>\n<meta property=\"og:description\" content=\"&nbsp; \u201cLorsque vous travaillez pour les autres, faites-le avec autant d\u2019ardeur que si c\u2019\u00e9tait pour vous-m\u00eame.\u201d -Confucius\" \/>\n<meta property=\"og:url\" content=\"https:\/\/www.immigre.ca\/fr\/practice-areas\/\" \/>\n<meta property=\"og:site_name\" content=\"Immigre.ca\" \/>\n<meta property=\"article:publisher\" content=\"https:\/\/www.facebook.com\/immigre.ca\" \/>\n<meta property=\"article:modified_time\" content=\"2018-10-07T23:17:00+00:00\" \/>\n<meta name=\"twitter:card\" content=\"summary_large_image\" \/>\n<meta name=\"twitter:label1\" content=\"Dur\u00e9e de lecture estim\u00e9e\" \/>\n\t<meta name=\"twitter:data1\" content=\"3 minutes\" \/>\n<script type=\"application\/ld+json\" class=\"yoast-schema-graph\">{\"@context\":\"https:\/\/schema.org\",\"@graph\":[{\"@type\":\"WebPage\",\"@id\":\"https:\/\/www.immigre.ca\/fr\/practice-areas\/\",\"url\":\"https:\/\/www.immigre.ca\/fr\/practice-areas\/\",\"name\":\"NOS SERVICES - Immigre.ca\",\"isPartOf\":{\"@id\":\"https:\/\/www.immigre.ca\/#website\"},\"datePublished\":\"2014-07-04T10:06:07+00:00\",\"dateModified\":\"2018-10-07T23:17:00+00:00\",\"breadcrumb\":{\"@id\":\"https:\/\/www.immigre.ca\/fr\/practice-areas\/#breadcrumb\"},\"inLanguage\":\"fr-FR\",\"potentialAction\":[{\"@type\":\"ReadAction\",\"target\":[\"https:\/\/www.immigre.ca\/fr\/practice-areas\/\"]}]},{\"@type\":\"BreadcrumbList\",\"@id\":\"https:\/\/www.immigre.ca\/fr\/practice-areas\/#breadcrumb\",\"itemListElement\":[{\"@type\":\"ListItem\",\"position\":1,\"name\":\"Home\",\"item\":\"https:\/\/www.immigre.ca\/fr\/\"},{\"@type\":\"ListItem\",\"position\":2,\"name\":\"NOS SERVICES\"}]},{\"@type\":\"WebSite\",\"@id\":\"https:\/\/www.immigre.ca\/#website\",\"url\":\"https:\/\/www.immigre.ca\/\",\"name\":\"Immigre.ca\",\"description\":\"Canada Immigration Law Firm\",\"publisher\":{\"@id\":\"https:\/\/www.immigre.ca\/#organization\"},\"potentialAction\":[{\"@type\":\"SearchAction\",\"target\":{\"@type\":\"EntryPoint\",\"urlTemplate\":\"https:\/\/www.immigre.ca\/?s={search_term_string}\"},\"query-input\":{\"@type\":\"PropertyValueSpecification\",\"valueRequired\":true,\"valueName\":\"search_term_string\"}}],\"inLanguage\":\"fr-FR\"},{\"@type\":\"Organization\",\"@id\":\"https:\/\/www.immigre.ca\/#organization\",\"name\":\"Immigre.ca - Cananda Immigration Law Firm\",\"url\":\"https:\/\/www.immigre.ca\/\",\"logo\":{\"@type\":\"ImageObject\",\"inLanguage\":\"fr-FR\",\"@id\":\"https:\/\/www.immigre.ca\/#\/schema\/logo\/image\/\",\"url\":\"https:\/\/www.immigre.ca\/wp-content\/uploads\/2019\/03\/Immigre-Logo-Splash.png\",\"contentUrl\":\"https:\/\/www.immigre.ca\/wp-content\/uploads\/2019\/03\/Immigre-Logo-Splash.png\",\"width\":347,\"height\":140,\"caption\":\"Immigre.ca - Cananda Immigration Law Firm\"},\"image\":{\"@id\":\"https:\/\/www.immigre.ca\/#\/schema\/logo\/image\/\"},\"sameAs\":[\"https:\/\/www.facebook.com\/immigre.ca\",\"https:\/\/www.instagram.com\/immigre.ca\/\",\"https:\/\/www.linkedin.com\/company\/immigre-ca\/\"]}]}<\/script>\n<!-- \/ Yoast SEO plugin. -->","yoast_head_json":{"title":"NOS SERVICES - Immigre.ca","robots":{"index":"index","follow":"follow","max-snippet":"max-snippet:-1","max-image-preview":"max-image-preview:large","max-video-preview":"max-video-preview:-1"},"canonical":"https:\/\/www.immigre.ca\/fr\/practice-areas\/","og_locale":"fr_FR","og_type":"article","og_title":"NOS SERVICES - Immigre.ca","og_description":"&nbsp; \u201cLorsque vous travaillez pour les autres, faites-le avec autant d\u2019ardeur que si c\u2019\u00e9tait pour vous-m\u00eame.\u201d -Confucius","og_url":"https:\/\/www.immigre.ca\/fr\/practice-areas\/","og_site_name":"Immigre.ca","article_publisher":"https:\/\/www.facebook.com\/immigre.ca","article_modified_time":"2018-10-07T23:17:00+00:00","twitter_card":"summary_large_image","twitter_misc":{"Dur\u00e9e de lecture estim\u00e9e":"3 minutes"},"schema":{"@context":"https:\/\/schema.org","@graph":[{"@type":"WebPage","@id":"https:\/\/www.immigre.ca\/fr\/practice-areas\/","url":"https:\/\/www.immigre.ca\/fr\/practice-areas\/","name":"NOS SERVICES - Immigre.ca","isPartOf":{"@id":"https:\/\/www.immigre.ca\/#website"},"datePublished":"2014-07-04T10:06:07+00:00","dateModified":"2018-10-07T23:17:00+00:00","breadcrumb":{"@id":"https:\/\/www.immigre.ca\/fr\/practice-areas\/#breadcrumb"},"inLanguage":"fr-FR","potentialAction":[{"@type":"ReadAction","target":["https:\/\/www.immigre.ca\/fr\/practice-areas\/"]}]},{"@type":"BreadcrumbList","@id":"https:\/\/www.immigre.ca\/fr\/practice-areas\/#breadcrumb","itemListElement":[{"@type":"ListItem","position":1,"name":"Home","item":"https:\/\/www.immigre.ca\/fr\/"},{"@type":"ListItem","position":2,"name":"NOS SERVICES"}]},{"@type":"WebSite","@id":"https:\/\/www.immigre.ca\/#website","url":"https:\/\/www.immigre.ca\/","name":"Immigre.ca","description":"Canada Immigration Law Firm","publisher":{"@id":"https:\/\/www.immigre.ca\/#organization"},"potentialAction":[{"@type":"SearchAction","target":{"@type":"EntryPoint","urlTemplate":"https:\/\/www.immigre.ca\/?s={search_term_string}"},"query-input":{"@type":"PropertyValueSpecification","valueRequired":true,"valueName":"search_term_string"}}],"inLanguage":"fr-FR"},{"@type":"Organization","@id":"https:\/\/www.immigre.ca\/#organization","name":"Immigre.ca - Cananda Immigration Law Firm","url":"https:\/\/www.immigre.ca\/","logo":{"@type":"ImageObject","inLanguage":"fr-FR","@id":"https:\/\/www.immigre.ca\/#\/schema\/logo\/image\/","url":"https:\/\/www.immigre.ca\/wp-content\/uploads\/2019\/03\/Immigre-Logo-Splash.png","contentUrl":"https:\/\/www.immigre.ca\/wp-content\/uploads\/2019\/03\/Immigre-Logo-Splash.png","width":347,"height":140,"caption":"Immigre.ca - Cananda Immigration Law Firm"},"image":{"@id":"https:\/\/www.immigre.ca\/#\/schema\/logo\/image\/"},"sameAs":["https:\/\/www.facebook.com\/immigre.ca","https:\/\/www.instagram.com\/immigre.ca\/","https:\/\/www.linkedin.com\/company\/immigre-ca\/"]}]}},"_links":{"self":[{"href":"https:\/\/www.immigre.ca\/fr\/wp-json\/wp\/v2\/pages\/12234","targetHints":{"allow":["GET"]}}],"collection":[{"href":"https:\/\/www.immigre.ca\/fr\/wp-json\/wp\/v2\/pages"}],"about":[{"href":"https:\/\/www.immigre.ca\/fr\/wp-json\/wp\/v2\/types\/page"}],"author":[{"embeddable":true,"href":"https:\/\/www.immigre.ca\/fr\/wp-json\/wp\/v2\/users\/1"}],"replies":[{"embeddable":true,"href":"https:\/\/www.immigre.ca\/fr\/wp-json\/wp\/v2\/comments?post=12234"}],"version-history":[{"count":9,"href":"https:\/\/www.immigre.ca\/fr\/wp-json\/wp\/v2\/pages\/12234\/revisions"}],"predecessor-version":[{"id":12248,"href":"https:\/\/www.immigre.ca\/fr\/wp-json\/wp\/v2\/pages\/12234\/revisions\/12248"}],"wp:attachment":[{"href":"https:\/\/www.immigre.ca\/fr\/wp-json\/wp\/v2\/media?parent=12234"}],"curies":[{"name":"wp","href":"https:\/\/api.w.org\/{rel}","templated":true}]}}